{"id":2320,"date":"2021-09-14T13:01:10","date_gmt":"2021-09-14T13:01:10","guid":{"rendered":"http:\/\/niameymall-residence.com\/?page_id=2320"},"modified":"2021-12-27T10:03:31","modified_gmt":"2021-12-27T10:03:31","slug":"partenariat","status":"publish","type":"page","link":"https:\/\/niameymall-residence.com\/en\/partenariat\/","title":{"rendered":"partenariat"},"content":{"rendered":"<div class=\"vc_row wpb_row vc_row-fluid\"><div class=\"wpb_column vc_column_container vc_col-sm-12\"><div class=\"vc_column-inner\"><div class=\"wpb_wrapper\"><div class=\"vc_empty_space\"   style=\"height: 100px\"><span class=\"vc_empty_space_inner\"><\/span><\/div><\/div><\/div><\/div><\/div><div class=\"vc_row wpb_row vc_row-fluid\"><div class=\"wpb_column vc_column_container vc_col-sm-8\"><div class=\"vc_column-inner\"><div class=\"wpb_wrapper\">\t\t\t<div\r\n\t\t\t\tclass=\"main_title  text-left\">\r\n\t\t\t\t<h2 class=\"title\">partnership<\/h2>\r\n\t\t\t\t\t\t\t\t\t<p class=\"main_description\">Would you like to become one of our partners?<\/p>\r\n\t\t\t\t\t\t\t<\/div>\r\n\t\t\n<div class=\"wpcf7 no-js\" id=\"wpcf7-f2325-o1\" lang=\"en-US\" dir=\"ltr\" data-wpcf7-id=\"2325\">\n<div class=\"screen-reader-response\"><p role=\"status\" aria-live=\"polite\" aria-atomic=\"true\"><\/p> <ul><\/ul><\/div>\n<form action=\"\/en\/wp-json\/wp\/v2\/pages\/2320#wpcf7-f2325-o1\" method=\"post\" class=\"wpcf7-form init\" aria-label=\"Contact form\" novalidate=\"novalidate\" data-status=\"init\" data-trp-original-action=\"\/en\/wp-json\/wp\/v2\/pages\/2320#wpcf7-f2325-o1\">\n<fieldset class=\"hidden-fields-container\"><input type=\"hidden\" name=\"_wpcf7\" value=\"2325\" \/><input type=\"hidden\" name=\"_wpcf7_version\" value=\"6.1.1\" \/><input type=\"hidden\" name=\"_wpcf7_locale\" value=\"en_US\" \/><input type=\"hidden\" name=\"_wpcf7_unit_tag\" value=\"wpcf7-f2325-o1\" \/><input type=\"hidden\" name=\"_wpcf7_container_post\" value=\"0\" \/><input type=\"hidden\" name=\"_wpcf7_posted_data_hash\" value=\"\" \/>\n<\/fieldset>\n<div class=\"contact-page-form\">\n<div class=\"wpcf7-response-output\" aria-hidden=\"true\"><\/div>\n\t<div class=\"row\">\n\t\t<p>Fields marked with an asterisk<span class='star'>*<\/span>are mandatory\n\t\t<\/p>\n\t\t<div class=\"form-group col-md-6\">\n\t\t\t<p>The name of your structure <span class='star'>*<\/span><br \/>\n<span class=\"wpcf7-form-control-wrap\" data-name=\"your-name\"><input size=\"40\" maxlength=\"400\" class=\"wpcf7-form-control wpcf7-text wpcf7-validates-as-required form-control\" aria-required=\"true\" aria-invalid=\"false\" placeholder=\"Name\" value=\"\" type=\"text\" name=\"your-name\" \/><\/span>\n\t\t\t<\/p>\n\t\t<\/div>\n\t\t<div class=\"form-group col-md-6\">\n\t\t\t<p>Your phone number <span class='star'>*<\/span><br \/>\n<span class=\"wpcf7-form-control-wrap\" data-name=\"your-phone\"><input size=\"40\" maxlength=\"400\" class=\"wpcf7-form-control wpcf7-text wpcf7-validates-as-required form-control\" aria-required=\"true\" aria-invalid=\"false\" placeholder=\"Phone\" value=\"\" type=\"text\" name=\"your-phone\" \/><\/span>\n\t\t\t<\/p>\n\t\t<\/div>\n\t\t<div class=\"form-group col-md-6\">\n\t\t\t<p>Email <span class='star'>*<\/span><br \/>\n<span class=\"wpcf7-form-control-wrap\" data-name=\"your-email\"><input size=\"40\" maxlength=\"400\" class=\"wpcf7-form-control wpcf7-text wpcf7-validates-as-required form-control\" aria-required=\"true\" aria-invalid=\"false\" placeholder=\"Email\" value=\"\" type=\"text\" name=\"your-email\" \/><\/span>\n\t\t\t<\/p>\n\t\t<\/div>\n\t\t<div class=\"form-group col-md-6\">\n\t\t\t<p>Choose the subject <span class='star'>*<\/span><br \/>\n<span class=\"wpcf7-form-control-wrap\" data-name=\"your-subject\"><select class=\"wpcf7-form-control wpcf7-select wpcf7-validates-as-required form-control\" aria-required=\"true\" aria-invalid=\"false\" name=\"your-subject\"><option value=\"\">&#8212;Please choose an option&#8212;<\/option><option value=\"Mall\">Mall<\/option><option value=\"Residence\">Residence<\/option><option value=\"Salle de conf\u00e9rence\">Conference room<\/option><option value=\"Salle de gym\">Salle de gym<\/option><option value=\"Salle de f\u00eates\">Salle de f\u00eates<\/option><option value=\"Autres\">Autres<\/option><\/select><\/span>\n\t\t\t<\/p>\n\t\t<\/div>\n\t<\/div>\n\t<div class=\"form-group\">\n\t\t<p>Your message <span class='star'>*<\/span><br \/>\n<span class=\"wpcf7-form-control-wrap\" data-name=\"your-message\"><textarea cols=\"40\" rows=\"10\" maxlength=\"2000\" class=\"wpcf7-form-control wpcf7-textarea wpcf7-validates-as-required form-control\" aria-required=\"true\" aria-invalid=\"false\" placeholder=\"Message\" name=\"your-message\"><\/textarea><\/span>\n\t\t<\/p>\n\t<\/div>\n\t<div class=\"form-group\">\n\t\t<p><span class=\"wpcf7-form-control-wrap\" data-name=\"terms\"><span class=\"wpcf7-form-control wpcf7-checkbox wpcf7-validates-as-required\"><span class=\"wpcf7-list-item first last\"><input type=\"checkbox\" name=\"terms[]\" value=\"Accept Terms and Conditions\" \/><span class=\"wpcf7-list-item-label\">Accept Terms and Conditions<\/span><\/span><\/span><\/span><span class='star'>*<\/span>\n\t\t<\/p>\n\t<\/div>\n\t<p><input class=\"wpcf7-form-control wpcf7-submit has-spinner button btn-lg mt10 mt30\" type=\"submit\" value=\"Send your partnership request\" \/>\n\t<\/p>\n<\/div>\n<input type=\"hidden\" name=\"trp-form-language\" value=\"en\"\/><\/form>\n<\/div>\n<\/div><\/div><\/div><div class=\"wpb_column vc_column_container vc_col-sm-4\"><div class=\"vc_column-inner\"><div class=\"wpb_wrapper\"><div class=\"vc_row wpb_row vc_inner vc_row-fluid\"><div class=\"wpb_column vc_column_container vc_col-sm-12 vc_hidden-lg vc_hidden-md\"><div class=\"vc_column-inner\"><div class=\"wpb_wrapper\"><div class=\"vc_empty_space\"   style=\"height: 50px\"><span class=\"vc_empty_space_inner\"><\/span><\/div><\/div><\/div><\/div><\/div>\t\t\t<div\r\n\t\t\t\tclass=\"main_title  text-left\">\r\n\t\t\t\t<h2 class=\"title\">GET IN TOUCH<\/h2>\r\n\t\t\t\t\t\t\t<\/div>\r\n\t\t\n\t<div class=\"wpb_text_column wpb_content_element  wpb_animate_when_almost_visible wpb_fadeIn fadeIn contact-info\" >\n\t\t<div class=\"wpb_wrapper\">\n\t\t\t<p><strong>ADDRESS:<\/strong><\/p>\n<p>8000, avenue de la mairie<\/p>\n<p>Niamey, NIGER<\/p>\n<p><strong>EMAIL:<\/strong><\/p>\n<p>contact@niameymall-residence.com<\/p>\n<p><strong>WEB:<\/strong><\/p>\n<p>niameymall-residence.com<\/p>\n<p><strong>PHONE:<\/strong><\/p>\n<p>+227 82811218<\/p>\n<p>&nbsp;<\/p>\n<p>+227 00000000<\/p>\n\n\t\t<\/div>\n\t<\/div>\n    <div class=\"social_media\">\r\n              <a class=\"facebook\" href=\"#facebook\"><i class=\"fa fa-facebook\"><\/i><\/a>\r\n                    <a class=\"twitter\" href=\"#twitter\"><i class=\"fa fa-twitter\"><\/i><\/a>\r\n                    <a class=\"pinterest\" href=\"#pinterest\"><i class=\"fa fa-pinterest\"><\/i><\/a>\r\n                    <a class=\"linkedin\" href=\"#linkedin\"><i class=\"fa fa-linkedin\"><\/i><\/a>\r\n                    <a class=\"youtube\" href=\"#youtube\"><i class=\"fa fa-youtube\"><\/i><\/a>\r\n                    <a class=\"instagram\" href=\"#instgram\"><i class=\"fa fa-instagram\"><\/i><\/a>\r\n          <\/div>\r\n\r\n\t\t<\/div><\/div><\/div><\/div><div class=\"vc_row wpb_row vc_row-fluid\"><div class=\"wpb_column vc_column_container vc_col-sm-12\"><div class=\"vc_column-inner\"><div class=\"wpb_wrapper\"><div class=\"vc_empty_space\"   style=\"height: 100px\"><span class=\"vc_empty_space_inner\"><\/span><\/div><\/div><\/div><\/div><\/div><div class=\"vc_row wpb_row vc_row-fluid\"><div class=\"wpb_column vc_column_container vc_col-sm-12\"><div class=\"vc_column-inner\"><div class=\"wpb_wrapper\"><div class=\"wpb_gmaps_widget wpb_content_element wpb_animate_when_almost_visible wpb_bounceInUp bounceInUp\"><h2 class=\"wpb_heading wpb_map_heading\">Niamey Mall &amp; Residence<\/h2><div class=\"wpb_wrapper\"><div class=\"wpb_map_wraper\"><iframe src=\"https:\/\/www.google.com\/maps\/d\/embed?mid=1jcf4L6VaRRlzIRddbN_jj-bvw7ZNnHoG\" width=\"640\" height=\"480\"><\/iframe><\/div><\/div><\/div><\/div><\/div><\/div><\/div>","protected":false},"excerpt":{"rendered":"PARTENARIAT Souhaitez vous faire partie de nos partenaires ? Les champs marqu\u00e9s d'un ast\u00e9risque (*) sont obligatoires Le Nom de votre structure * Votre Num\u00e9ro de t\u00e9l\u00e9phone * Votre Email * Choisissez le sujet * &#8212;Please choose an option&#8212;MallResidenceSalle de conf\u00e9renceSalle de gymSalle de f\u00eatesAutres Votre Message * Accept Terms and Conditions* GET IN TOUCH [...]","protected":false},"author":1,"featured_media":0,"parent":0,"menu_order":0,"comment_status":"closed","ping_status":"closed","template":"","meta":{"_monsterinsights_skip_tracking":false,"_monsterinsights_sitenote_active":false,"_monsterinsights_sitenote_note":"","_monsterinsights_sitenote_category":0,"footnotes":""},"class_list":["post-2320","page","type-page","status-publish","hentry"],"aioseo_notices":[],"_links":{"self":[{"href":"https:\/\/niameymall-residence.com\/en\/wp-json\/wp\/v2\/pages\/2320","targetHints":{"allow":["GET"]}}],"collection":[{"href":"https:\/\/niameymall-residence.com\/en\/wp-json\/wp\/v2\/pages"}],"about":[{"href":"https:\/\/niameymall-residence.com\/en\/wp-json\/wp\/v2\/types\/page"}],"author":[{"embeddable":true,"href":"https:\/\/niameymall-residence.com\/en\/wp-json\/wp\/v2\/users\/1"}],"replies":[{"embeddable":true,"href":"https:\/\/niameymall-residence.com\/en\/wp-json\/wp\/v2\/comments?post=2320"}],"version-history":[{"count":0,"href":"https:\/\/niameymall-residence.com\/en\/wp-json\/wp\/v2\/pages\/2320\/revisions"}],"wp:attachment":[{"href":"https:\/\/niameymall-residence.com\/en\/wp-json\/wp\/v2\/media?parent=2320"}],"curies":[{"name":"wp","href":"https:\/\/api.w.org\/{rel}","templated":true}]}}