{"id":25,"date":"2018-02-17T13:08:13","date_gmt":"2018-02-17T13:08:13","guid":{"rendered":"http:\/\/demo.zantetheme.com\/?page_id=25"},"modified":"2023-10-27T15:10:41","modified_gmt":"2023-10-27T15:10:41","slug":"about-us","status":"publish","type":"page","link":"https:\/\/niameymall-residence.com\/en\/about-us\/","title":{"rendered":"About us"},"content":{"rendered":"<div data-elementor-type=\"wp-page\" data-elementor-id=\"25\" class=\"elementor elementor-25\">\n\t\t\t\t\t\t<section class=\"elementor-section elementor-top-section elementor-element elementor-element-17d17ed3 elementor-section-boxed elementor-section-height-default elementor-section-height-default\" data-id=\"17d17ed3\" data-element_type=\"section\">\n\t\t\t\t\t\t<div class=\"elementor-container elementor-column-gap-default\">\n\t\t\t\t\t<div class=\"elementor-column elementor-col-100 elementor-top-column elementor-element elementor-element-78c0d566\" data-id=\"78c0d566\" data-element_type=\"column\">\n\t\t\t<div class=\"elementor-widget-wrap elementor-element-populated\">\n\t\t\t\t\t\t<div class=\"elementor-element elementor-element-6e50d474 elementor-widget elementor-widget-text-editor\" data-id=\"6e50d474\" data-element_type=\"widget\" data-widget_type=\"text-editor.default\">\n\t\t\t\t<div class=\"elementor-widget-container\">\n\t\t\t\t\t\t\t\t\t<div data-vc-full-width=\"true\" data-vc-full-width-init=\"false\" class=\"vc_row wpb_row vc_row-fluid vc_custom_1531729276201\"><div class=\"wpb_column vc_column_container vc_col-sm-6\"><div class=\"vc_column-inner\"><div class=\"wpb_wrapper\">\t\t\t<div\r\n\t\t\t\tclass=\"main_title  text-left\">\r\n\t\t\t\t<h2 class=\"title\">NIAMEY MALL &amp; RESIDENCE<\/h2>\r\n\t\t\t\t\t\t\t\t\t<p class=\"main_description\">Reinventing business and professionalism in Niamey.<\/p>\r\n\t\t\t\t\t\t\t<\/div>\r\n\t\t\n\t<div class=\"wpb_text_column wpb_content_element\" >\n\t\t<div class=\"wpb_wrapper\">\n\t\t\t<h2>Our mission<\/h2>\n<p>Create a modern business hub and provide a unique framework for multi-sectoral exchanges<\/p>\n<p>Situ\u00e9 au c\u0153ur Niamey (Av. Malick Elhj), rue de la Mairie, Niamey-Niger.\u00a0 <strong>Niamey Mall &amp; Residence by Seif Holding<\/strong> a introduit un nouveau concept pour les\u00a0 affaires \u00e0 Niamey. Un impressionnant b\u00e2timent de dix \u00e9tages construit sur une superficie de 6 000 m\u00b2. 10 \u00e9tages construits chacun sur 4 000 m\u00b2 pour diff\u00e9rents usages.<\/p>\n<p>What sets us apart:<\/p>\n<ul>\n<li>Service personnalis\u00e9<\/li>\n<li>Cadre s\u00e9curis\u00e9<\/li>\n<li>24\/7 telephone answering<\/li>\n<li>Rapport qualit\u00e9 prix<\/li>\n<li>Parking Priv\u00e9\u00a0 (200 Places)<\/li>\n<\/ul>\n\n\t\t<\/div>\n\t<\/div>\n<\/div><\/div><\/div><div class=\"wpb_column vc_column_container vc_col-sm-6 vc_hidden-sm vc_hidden-xs\"><div class=\"vc_column-inner\"><div class=\"wpb_wrapper\">\r\n        <div class=\"image-3d-effect\">\r\n          <div class=\"side left\"><\/div>\r\n          <div class=\"side right\"><\/div>\r\n          <div class=\"images\">\r\n                        <div class=\"front-image\" style=\"background-image: url(https:\/\/niameymall-residence.com\/wp-content\/uploads\/2021\/09\/IMG-20210906-WA0012.jpg)\"><\/div>\r\n                                    <div class=\"back-image\" style=\"background-image: url(https:\/\/niameymall-residence.com\/wp-content\/uploads\/2021\/09\/Image1.png)\"><\/div>\r\n                      <\/div>\r\n        <\/div>\r\n\r\n\r\n\r\n        <\/div><\/div><\/div><\/div><div class=\"vc_row-full-width vc_clearfix\"><\/div><div class=\"vc_row wpb_row vc_row-fluid vc_custom_1631035044001 vc_row-has-fill\"><div class=\"wpb_column vc_column_container vc_col-sm-12\"><div class=\"vc_column-inner\"><div class=\"wpb_wrapper\"><div class=\"vc_row wpb_row vc_inner vc_row-fluid\"><div class=\"wpb_column vc_column_container vc_col-sm-2\"><div class=\"vc_column-inner\"><div class=\"wpb_wrapper\">\r\n          <div class=\"countup-item\">\r\n            <img decoding=\"async\" draggable=\"false\" src=\"https:\/\/niameymall-residence.com\/wp-content\/uploads\/2021\/09\/icons8-appartement-64.png\">\r\n            <span class=\"number\" data-count=\"72\">72<\/span>\r\n            <div class=\"text\">APARTMENTS<\/div>\r\n          <\/div>\r\n\r\n\r\n        <\/div><\/div><\/div><div class=\"wpb_column vc_column_container vc_col-sm-2\"><div class=\"vc_column-inner\"><div class=\"wpb_wrapper\">\r\n          <div class=\"countup-item\">\r\n            <img decoding=\"async\" draggable=\"false\" src=\"https:\/\/niameymall-residence.com\/wp-content\/uploads\/2021\/09\/icons8-boutique-64-1.png\">\r\n            <span class=\"number\" data-count=\"30\">30<\/span>\r\n            <div class=\"text\">SHOPS<\/div>\r\n          <\/div>\r\n\r\n\r\n        <\/div><\/div><\/div><div class=\"wpb_column vc_column_container vc_col-sm-2\"><div class=\"vc_column-inner\"><div class=\"wpb_wrapper\">\r\n          <div class=\"countup-item\">\r\n            <img decoding=\"async\" draggable=\"false\" src=\"https:\/\/niameymall-residence.com\/wp-content\/uploads\/2021\/10\/icons8-coworking-96-1-1.png\">\r\n            <span class=\"number\" data-count=\"08\">08<\/span>\r\n            <div class=\"text\">Plateaux de Bureaux<\/div>\r\n          <\/div>\r\n\r\n\r\n        <\/div><\/div><\/div><div class=\"wpb_column vc_column_container vc_col-sm-2\"><div class=\"vc_column-inner\"><div class=\"wpb_wrapper\">\r\n          <div class=\"countup-item\">\r\n            <img decoding=\"async\" draggable=\"false\" src=\"https:\/\/niameymall-residence.com\/wp-content\/uploads\/2022\/10\/re1.jpeg\">\r\n            <span class=\"number\" data-count=\"05\">05<\/span>\r\n            <div class=\"text\">Restaurants<\/div>\r\n          <\/div>\r\n\r\n\r\n        <\/div><\/div><\/div><div class=\"wpb_column vc_column_container vc_col-sm-2\"><div class=\"vc_column-inner\"><div class=\"wpb_wrapper\">\r\n          <div class=\"countup-item\">\r\n            <img decoding=\"async\" draggable=\"false\" src=\"https:\/\/niameymall-residence.com\/wp-content\/uploads\/2021\/10\/icons8-parking-64-1.png\">\r\n            <span class=\"number\" data-count=\"200\">200<\/span>\r\n            <div class=\"text\">Places Parking<\/div>\r\n          <\/div>\r\n\r\n\r\n        <\/div><\/div><\/div><div class=\"wpb_column vc_column_container vc_col-sm-2\"><div class=\"vc_column-inner\"><div class=\"wpb_wrapper\">\r\n          <div class=\"countup-item\">\r\n            <img decoding=\"async\" draggable=\"false\" src=\"https:\/\/niameymall-residence.com\/wp-content\/uploads\/2021\/10\/icons8-coworking-96-1-1.png\">\r\n            <span class=\"number\" data-count=\"01\">01<\/span>\r\n            <div class=\"text\">Salle de jeu<\/div>\r\n          <\/div>\r\n\r\n\r\n        <\/div><\/div><\/div><\/div><div class=\"vc_empty_space\"   style=\"height: 50px\"><span class=\"vc_empty_space_inner\"><\/span><\/div>\t\t\t<div\r\n\t\t\t\tclass=\"main_title  text-left\">\r\n\t\t\t\t<h2 class=\"title\">NOS SERVICES<\/h2>\r\n\t\t\t\t\t\t\t<\/div>\r\n\t\t<div class=\"vc_row wpb_row vc_inner vc_row-fluid\"><div class=\"wpb_column vc_column_container vc_col-sm-12\"><div class=\"vc_column-inner\"><div class=\"wpb_wrapper\">           \r\n            <div class=\"row\">\r\n\t            <div class=\"image-gallery\">\r\n\r\n                   \r\n                    <!-- GALLERY ITEM -->\r\n                    <div class=\"col-lg-4 col-sm-6\">\r\n                      <figure class=\"gradient-overlay-hover icon-zoom-hover zoom-image-hover\">\r\n                                                <a href=\"https:\/\/niameymall-residence.com\/wp-content\/uploads\/2022\/10\/sdxc-Copie.jpeg\">\r\n                          <img decoding=\"async\" src=\"https:\/\/niameymall-residence.com\/wp-content\/uploads\/2022\/10\/sdxc-Copie.jpeg\" class=\"img-responsive\">\r\n                        <\/a>\r\n                                            <\/figure>\r\n                    <\/div>\r\n\r\n                    \r\n\t                \t            <\/div>\r\n            <\/div>\r\n\r\n        \n\t<div class=\"wpb_text_column wpb_content_element  wpb_animate_when_almost_visible wpb_bounceInDown bounceInDown\" >\n\t\t<div class=\"wpb_wrapper\">\n\t\t\t<p>Un large choix de produits pour vos achats de tous les jours.<\/p>\n\n\t\t<\/div>\n\t<\/div>\n<\/div><\/div><\/div><\/div><\/div><\/div><\/div><div class=\"wpb_column vc_column_container vc_col-sm-12\"><div class=\"vc_column-inner\"><div class=\"wpb_wrapper\"><\/div><\/div><\/div><div class=\"wpb_column vc_column_container vc_col-sm-12\"><div class=\"vc_column-inner\"><div class=\"wpb_wrapper\"><\/div><\/div><\/div><div class=\"wpb_column vc_column_container vc_col-sm-12\"><div class=\"vc_column-inner\"><div class=\"wpb_wrapper\"><\/div><\/div><\/div><\/div><div class=\"vc_row wpb_row vc_row-fluid vc_custom_1631035113800\"><div class=\"wpb_column vc_column_container vc_col-sm-12\"><div class=\"vc_column-inner\"><div class=\"wpb_wrapper\">\t\t\t<div\r\n\t\t\t\tclass=\"main_title  text-left\">\r\n\t\t\t\t<h2 class=\"title\">Partenariats<\/h2>\r\n\t\t\t\t\t\t\t<\/div>\r\n\t\t<div class=\"vc_row wpb_row vc_inner vc_row-fluid\"><div class=\"wpb_column vc_column_container vc_col-sm-6\"><div class=\"vc_column-inner\"><div class=\"wpb_wrapper\">\r\n            <div class=\"award-item\">\r\n              <figure>\r\n                <img decoding=\"async\" src=\"https:\/\/niameymall-residence.com\/wp-content\/uploads\/2021\/12\/IMG-20211208-WA0000.jpg\" class=\"img-fluid\" alt=\"Award\">\r\n                <figcaption>\r\n                  Reconnaissance du FIMA                <\/figcaption>\r\n              <\/figure>\r\n            <\/div>\r\n\r\n\r\n        <\/div><\/div><\/div><div class=\"wpb_column vc_column_container vc_col-sm-6\"><div class=\"vc_column-inner\"><div class=\"wpb_wrapper\">\r\n            <div class=\"award-item\">\r\n              <figure>\r\n                <img decoding=\"async\" src=\"https:\/\/niameymall-residence.com\/wp-content\/uploads\/2021\/12\/Mozaic-Magic_10-2-scaled.jpg\" class=\"img-fluid\" alt=\"Award\">\r\n                <figcaption>\r\n                  Photo de signature de la convention de partenariat                <\/figcaption>\r\n              <\/figure>\r\n            <\/div>\r\n\r\n\r\n        <\/div><\/div><\/div><\/div>\n\t<div class=\"wpb_text_column wpb_content_element\" >\n\t\t<div class=\"wpb_wrapper\">\n\t\t\t<p>S&rsquo;\u00e9tait tenue, le 10 Novembre 2021, la signature de convention de partenariat entre Niamey Mall &amp; Residence et le Festival International de la Mode en Afrique (FIMA).<\/p>\n<p>En effet, la convention portait sur l&rsquo;h\u00e9bergement des hautes personnalit\u00e9s (VIP) qui prenaient part \u00e0 cet \u00e9v\u00e9nement international.<\/p>\n<p>Niamey Mall &amp; Residence devenait ainsi un acteur cl\u00e9 de cette 13\u00e8me \u00e9dition qui s&rsquo;\u00e9tait tenue du 1er au 5 D\u00e9cembre 2021 \u00e0 Niamey.<\/p>\n\n\t\t<\/div>\n\t<\/div>\n<\/div><\/div><\/div><\/div><div class=\"vc_row wpb_row vc_row-fluid\"><div class=\"wpb_column vc_column_container vc_col-sm-12\"><div class=\"vc_column-inner\"><div class=\"wpb_wrapper\">\r\n\t\t\r\n\t\t\t<!-- RESTAURANT MENU ITEM -->\r\n\t\t\t<div class=\"restaurant-menu-item\">\r\n\t\t\t\t<div class=\"row\">\r\n\t\t\t\t\t\t<div class=\"col-lg-4 col-md-6\">\r\n\t\t\t\t\t\t\t<figure>\r\n\t\t\t\t\t\t\t\t<img decoding=\"async\" src=\"https:\/\/niameymall-residence.com\/wp-content\/uploads\/2018\/06\/restaurant5-1.jpg\" class=\"img-responsive full_width\" alt=\"Restaurant ALBARKA FOOD\">\r\n\t\t\t\t\t\t\t<\/figure>\r\n\t\t\t\t\t\t<\/div>\r\n\t\t\t\t\t\t<div class=\"col-lg-8 col-md-6\">\r\n\t\t\t\t\t\t\t<div class=\"info\">\r\n\t\t\t\t\t\t\t\t<div class=\"title\">\r\n\t\t\t\t\t\t\t\t<span class=\"name\">Restaurant ALBARKA FOOD<\/span>\r\n\t\t\t\t\t\t\t\t\t<span class=\"price\">\r\n\t\t\t\t\t\t\t\t\t<span class=\"amount\"><\/span>\r\n\t\t\t\t\t\t\t\t\t<\/span>\r\n\t\t\t\t\t\t\t\t<\/div>\r\n\t\t\t\t\t\t\t\t<p>Sp\u00e9cialit\u00e9 Europ\u00e9enne et Africaine <\/p>\r\n\t\t\t\t\t\t\t<\/div>\r\n\t\t\t\t\t\t<\/div>\r\n\t\t\t\t<\/div>\r\n\t\t\t<\/div>\r\n\r\n\t\t<\/div><\/div><\/div><\/div>\t\t\t\t\t\t\t\t<\/div>\n\t\t\t\t<\/div>\n\t\t\t\t\t<\/div>\n\t\t<\/div>\n\t\t\t\t\t<\/div>\n\t\t<\/section>\n\t\t\t\t<section class=\"elementor-section elementor-top-section elementor-element elementor-element-4819e8c elementor-section-boxed elementor-section-height-default elementor-section-height-default\" data-id=\"4819e8c\" data-element_type=\"section\">\n\t\t\t\t\t\t<div class=\"elementor-container elementor-column-gap-default\">\n\t\t\t\t\t<div class=\"elementor-column elementor-col-16 elementor-top-column elementor-element elementor-element-61dcd0e\" data-id=\"61dcd0e\" data-element_type=\"column\">\n\t\t\t<div class=\"elementor-widget-wrap\">\n\t\t\t\t\t\t\t<\/div>\n\t\t<\/div>\n\t\t\t\t<div class=\"elementor-column elementor-col-16 elementor-top-column elementor-element elementor-element-c5c86d6\" data-id=\"c5c86d6\" data-element_type=\"column\">\n\t\t\t<div class=\"elementor-widget-wrap\">\n\t\t\t\t\t\t\t<\/div>\n\t\t<\/div>\n\t\t\t\t<div class=\"elementor-column elementor-col-16 elementor-top-column elementor-element elementor-element-8d20b49\" data-id=\"8d20b49\" data-element_type=\"column\">\n\t\t\t<div class=\"elementor-widget-wrap\">\n\t\t\t\t\t\t\t<\/div>\n\t\t<\/div>\n\t\t\t\t<div class=\"elementor-column elementor-col-16 elementor-top-column elementor-element elementor-element-22bdf06\" data-id=\"22bdf06\" data-element_type=\"column\">\n\t\t\t<div class=\"elementor-widget-wrap\">\n\t\t\t\t\t\t\t<\/div>\n\t\t<\/div>\n\t\t\t\t<div class=\"elementor-column elementor-col-16 elementor-top-column elementor-element elementor-element-764851f\" data-id=\"764851f\" data-element_type=\"column\">\n\t\t\t<div class=\"elementor-widget-wrap\">\n\t\t\t\t\t\t\t<\/div>\n\t\t<\/div>\n\t\t\t\t<div class=\"elementor-column elementor-col-16 elementor-top-column elementor-element elementor-element-526eac0\" data-id=\"526eac0\" data-element_type=\"column\">\n\t\t\t<div class=\"elementor-widget-wrap\">\n\t\t\t\t\t\t\t<\/div>\n\t\t<\/div>\n\t\t\t\t\t<\/div>\n\t\t<\/section>\n\t\t\t\t<\/div>","protected":false},"excerpt":{"rendered":"NIAMEY MALL &amp; RESIDENCE R\u00e9inventer le business et le professionalisme \u00e0 Niamey. Notre mission Cr\u00e9er un carrefour moderne de business et fournir un cadre unique pour des \u00e9changes multisectoriels Situ\u00e9 au c\u0153ur Niamey (Av. Malick Elhj), rue de la Mairie, Niamey-Niger.\u00a0 Niamey Mall &amp; Residence by Seif Holding a introduit un nouveau concept pour les\u00a0 [...]","protected":false},"author":2,"featured_media":0,"parent":0,"menu_order":0,"comment_status":"closed","ping_status":"closed","template":"","meta":{"_monsterinsights_skip_tracking":false,"_monsterinsights_sitenote_active":false,"_monsterinsights_sitenote_note":"","_monsterinsights_sitenote_category":0,"footnotes":""},"class_list":["post-25","page","type-page","status-publish","hentry"],"aioseo_notices":[],"_links":{"self":[{"href":"https:\/\/niameymall-residence.com\/en\/wp-json\/wp\/v2\/pages\/25","targetHints":{"allow":["GET"]}}],"collection":[{"href":"https:\/\/niameymall-residence.com\/en\/wp-json\/wp\/v2\/pages"}],"about":[{"href":"https:\/\/niameymall-residence.com\/en\/wp-json\/wp\/v2\/types\/page"}],"author":[{"embeddable":true,"href":"https:\/\/niameymall-residence.com\/en\/wp-json\/wp\/v2\/users\/2"}],"replies":[{"embeddable":true,"href":"https:\/\/niameymall-residence.com\/en\/wp-json\/wp\/v2\/comments?post=25"}],"version-history":[{"count":0,"href":"https:\/\/niameymall-residence.com\/en\/wp-json\/wp\/v2\/pages\/25\/revisions"}],"wp:attachment":[{"href":"https:\/\/niameymall-residence.com\/en\/wp-json\/wp\/v2\/media?parent=25"}],"curies":[{"name":"wp","href":"https:\/\/api.w.org\/{rel}","templated":true}]}}